{"id":804,"date":"2025-04-24T18:20:21","date_gmt":"2025-04-24T18:20:21","guid":{"rendered":"https:\/\/taikafest.fi\/?page_id=804"},"modified":"2025-05-15T05:44:58","modified_gmt":"2025-05-15T05:44:58","slug":"taideopinnot","status":"publish","type":"page","link":"https:\/\/taikafest.fi\/index.php\/taideopinnot\/","title":{"rendered":"Taideopinnot"},"content":{"rendered":"\n<h1 class=\"wp-block-heading has-text-align-center\">Taideopinnot<\/h1>\n\n\n\n<div class=\"wp-block-uagb-container uagb-block-46c40d5f alignfull uagb-is-root-container\"><div class=\"uagb-container-inner-blocks-wrap\"><div class=\"tp-video tpgb-video-box tpgb-block- video_player  \" data-id=\"\"><div class=\"tpgb_video_player tpgb-relative-block   text-\"><div class=\"ts-video-wrapper embed-container  ts-type-youtube\"><iframe width=\"100%\"  src=\"https:\/\/www.youtube.com\/embed\/93RVOShZICQ?&amp;autohide=1&amp;showtitle=0&amp;controls=1&amp;showinfo=1&amp;modestbranding=0&amp;rel=0\"  frameborder=\"0\" allowfullscreen title=\"My Video\"><\/iframe><\/div><\/div><\/div><\/div><\/div>\n\n\n\n<h2 class=\"wp-block-heading has-text-align-center\">Hae mukaan <br>ja aloita opinnot elokuussa 2025!<\/h2>\n\n\n\n<div class=\"wp-block-uagb-separator uagb-block-29ab0208\"><div class=\"wp-block-uagb-separator__inner\" style=\"--my-background-image:\"><\/div><\/div>\n\n\n\n<div style=\"height:5px\" aria-hidden=\"true\" class=\"wp-block-spacer\"><\/div>\n\n\n\n<p>Laajasalon opiston taiteen koulutukset ovat lukuvuoden pituisia opintolinjoja, jossa p\u00e4\u00e4set kehitt\u00e4m\u00e4\u00e4n osaamistasi ja ilmaisuasi.&nbsp;Koulutuksissa syvennyt\u00e4\u00e4n valittuun taidealaan monipuolisesti ja k\u00e4yt\u00e4nn\u00f6n tekemisen kautta. Opinnoissa kehit\u00e4t omaa teknist\u00e4 ja ilmaisullista osaamistasi henkil\u00f6kohtaisten tavoitteidesi mukaan. Opinnot tarjoavat valmiuksia ty\u00f6el\u00e4m\u00e4\u00e4n sek\u00e4 jatko-opintoihin hakeutumiseen.<\/p>\n\n\n\n<p>Lukuvuoden aikana p\u00e4\u00e4set tutustumaan alan ammatillisiin mahdollisuuksiin ja saat tukea tulevaisuutesi suunnitteluun. Opetus sis\u00e4lt\u00e4\u00e4 ohjattuja ja itsen\u00e4isesti toteutettavia projekteja, demoja ja teht\u00e4vi\u00e4, yksil\u00f6- ja ryhm\u00e4ty\u00f6skentely\u00e4 sek\u00e4 luentoja yhteisesti ja omassa ryhm\u00e4ss\u00e4. Vuoden aikana sinulla on mahdollisuus toteuttaa poikkitaiteellisia projekteja muiden taidelinjojen kanssa sek\u00e4 k\u00e4ytt\u00e4\u00e4 opiston tiloja ja laitteita my\u00f6s itsen\u00e4iseen ty\u00f6skentelyyn.<\/p>\n\n\n\n<p>Opiskelu on p\u00e4\u00e4toimista ja oikeuttaa hakemaan opintotukea. Opintoihin haetaan suoraan opiston kautta (hakulomakkeet l\u00f6yd\u00e4t kunkin linjan omilta sivuilta), eik\u00e4 kansanopistossa opiskelu vaikuta yhteishaun ensikertalaisuuteen. Lis\u00e4\u00e4 infoa Laajasalon taideopinnoista l\u00f6yd\u00e4t alta sek\u00e4 osoitteesta <a href=\"https:\/\/laajasalonopisto.fi\/koulutus\/taiteen-koulutus\/?_gl=1*1gdbxg*_ga*MjEwNjUyODU0NS4xNzQ1NTE3NDU3*_up*MQ..\" data-type=\"link\" data-id=\"https:\/\/laajasalonopisto.fi\/koulutus\/taiteen-koulutus\/?_gl=1*1gdbxg*_ga*MjEwNjUyODU0NS4xNzQ1NTE3NDU3*_up*MQ..\">laajasalonopisto.fi<\/a>.<\/p>\n\n\n\n<div class=\"tpgb-accordion tpgb-block-99ae_804\"><div class=\"tpgb-accor-wrap\" data-type=\"accordion\" role=\"tablist\"><div class=\"tpgb-accor-item tpgb-relative-block\"><div class=\"tpgb-accordion-header tpgb-trans-linear-before text-left\" id=\"tpag-tab-title-99ae_8041\" role=\"tab\" data-tab=\"1\" aria-controls=\"tpag-tab-title-99ae_8041\"><span class=\"accordion-title-icon-wrap\"><h3 class=\"accordion-title\">Elokuva<\/h3><\/span><\/div><div id=\"tpag-tab-content-99ae_8041\" class=\"tpgb-accordion-content\" role=\"tabpanel\" data-tab=\"1\" aria-labelledby=\"tpag-tab-title-99ae_8041\"><div class=\"tpgb-content-editor text-left\">Tutustumme elokuvakerronnan perusteisiin, elokuvan teon eri osa-alueisiin, rooleihin ja koko elokuvatuotannon kaareen ideoinnista valmiiseen elokuvaan. Lukuvuoden aikana tuotetaan lyhyt- ja dokumenttielokuvia. Opetuksessa perehdyt\u00e4\u00e4n klassiseen elokuvakerrontaan unohtamatta muotokokeiluja.<br><br>Lis\u00e4tietoja opiskelusta sek\u00e4 opintojen hakulomake l\u00f6yd\u00e4t <a href=\"https:\/\/laajasalonopisto.fi\/koulutus\/elokuvalinja\/?_gl=1*gqnto9*_ga*MjEwNjUyODU0NS4xNzQ1NTE3NDU3*_up*MQ..\" data-type=\"link\" data-id=\"https:\/\/laajasalonopisto.fi\/koulutus\/elokuvalinja\/?_gl=1*gqnto9*_ga*MjEwNjUyODU0NS4xNzQ1NTE3NDU3*_up*MQ..\">Elokuvalinjan nettisivuilta<\/a>.<br><\/div><\/div><\/div><div class=\"tpgb-accor-item tpgb-relative-block\"><div class=\"tpgb-accordion-header tpgb-trans-linear-before text-left\" id=\"tpag-tab-title-99ae_8042\" role=\"tab\" data-tab=\"2\" aria-controls=\"tpag-tab-title-99ae_8042\"><span class=\"accordion-title-icon-wrap\"><h3 class=\"accordion-title\">Kuvataide ja graafinen suunnittelu<\/h3><\/span><\/div><div id=\"tpag-tab-content-99ae_8042\" class=\"tpgb-accordion-content\" role=\"tabpanel\" data-tab=\"2\" aria-labelledby=\"tpag-tab-title-99ae_8042\"><div class=\"tpgb-content-editor text-left\">Kuvislinjan opinnoissa p\u00e4\u00e4set tutustumaan laajasti sek\u00e4 taiteelliseen ty\u00f6skentelyyn ett\u00e4 visuaaliseen viestint\u00e4\u00e4n! Lukuvuoden aikana opit perinteisi\u00e4 kuvataiteen tekniikoita, nykytaiteen toimintatapoja, graafisen suunnittelun k\u00e4yt\u00e4nteit\u00e4 ja alan keskeisimpien ohjelmien k\u00e4ytt\u00f6\u00e4. Opintojen kautta rakennat itsellesi monipuolisen visuaalisen yleissivistyksen ja vahvat perustaidot kuvallisten alojen osaamiselle.<br><br>Lis\u00e4tietoja opiskelusta sek\u00e4 opintojen hakulomake l\u00f6yd\u00e4t <a href=\"https:\/\/laajasalonopisto.fi\/koulutus\/kuvataide-ja-graafinen-suunnittelu\/?_gl=1*1km3g6h*_ga*MjEwNjUyODU0NS4xNzQ1NTE3NDU3*_up*MQ..\" data-type=\"link\" data-id=\"https:\/\/laajasalonopisto.fi\/koulutus\/kuvataide-ja-graafinen-suunnittelu\/?_gl=1*1km3g6h*_ga*MjEwNjUyODU0NS4xNzQ1NTE3NDU3*_up*MQ..\">opintolinjan nettisivuilta<\/a>.<\/div><\/div><\/div><div class=\"tpgb-accor-item tpgb-relative-block\"><div class=\"tpgb-accordion-header tpgb-trans-linear-before text-left\" id=\"tpag-tab-title-99ae_8043\" role=\"tab\" data-tab=\"3\" aria-controls=\"tpag-tab-title-99ae_8043\"><span class=\"accordion-title-icon-wrap\"><h3 class=\"accordion-title\">Musiikki<\/h3><\/span><\/div><div id=\"tpag-tab-content-99ae_8043\" class=\"tpgb-accordion-content\" role=\"tabpanel\" data-tab=\"3\" aria-labelledby=\"tpag-tab-title-99ae_8043\"><div class=\"tpgb-content-editor text-left\">Laajasalon opiston musiikkikoulutuksessa tutustutaan laajasti musiikin tekemiseen, tuottamiseen ja esitt\u00e4miseen sek\u00e4 laajennetaan musiikillista yleissivistyst\u00e4. Lukuvuoden aikana toteutetaan useita, laajuudeltaan vaihtelevia projekteja, joiden p\u00e4\u00e4paino vaihtelee tapauskohtaisesti. Opetus painottuu k\u00e4yt\u00e4nn\u00f6n harjoituksiin ja tekemiseen. Opintoja voi syvent\u00e4\u00e4 opiskelijan omien mielenkiinnon kohteiden mukaan. Musiikkikoulutuksessa tehd\u00e4\u00e4n yhteisty\u00f6t\u00e4 my\u00f6s opiston n\u00e4yttelij\u00e4ntaiteen, elokuvalinjan ja mediakoulutuksen kanssa.<br><br>Lis\u00e4tietoa opiskelusta sek\u00e4 opintojen hakulomakkeen l\u00f6yd\u00e4t <a href=\"https:\/\/laajasalonopisto.fi\/koulutus\/musiikkikoulutus\/?_gl=1*q54wf3*_ga*MjEwNjUyODU0NS4xNzQ1NTE3NDU3*_up*MQ..\" data-type=\"link\" data-id=\"https:\/\/laajasalonopisto.fi\/koulutus\/musiikkikoulutus\/?_gl=1*q54wf3*_ga*MjEwNjUyODU0NS4xNzQ1NTE3NDU3*_up*MQ..\">Musiikkikoulutuksen nettisivuilta<\/a>.<\/div><\/div><\/div><div class=\"tpgb-accor-item tpgb-relative-block\"><div class=\"tpgb-accordion-header tpgb-trans-linear-before text-left\" id=\"tpag-tab-title-99ae_8044\" role=\"tab\" data-tab=\"4\" aria-controls=\"tpag-tab-title-99ae_8044\"><span class=\"accordion-title-icon-wrap\"><h3 class=\"accordion-title\">N\u00e4yttelij\u00e4ntaide 1<\/h3><\/span><\/div><div id=\"tpag-tab-content-99ae_8044\" class=\"tpgb-accordion-content\" role=\"tabpanel\" data-tab=\"4\" aria-labelledby=\"tpag-tab-title-99ae_8044\"><div class=\"tpgb-content-editor text-left\">N\u00e4yttelij\u00e4ntaide 1 on monimuotoinen ja vaativa opintokokonaisuus kaikille n\u00e4yttelemisest\u00e4 ja teatterista kiinnostuneille, sek\u00e4 alaan jo laajemminkin tutustuneille. Tutkimme turvallisessa oppimisymp\u00e4rist\u00f6ss\u00e4 monimuotoisesti n\u00e4yttelij\u00e4ntaidetta ja teatteria. Oppiaineina on mm. improvisaatio, klovneria, tanssi, laulu, kuoro, akrobatia, kameran\u00e4ytteleminen, sek\u00e4 monia muita teatterin osa-alueita. Lukuvuoden aikana opiskelijat valmistavat demoja ja esityksi\u00e4, joita esit\u00e4mme omassa Teatteritalossamme. Osa opinnoista tehd\u00e4\u00e4n Teatterikorkeakoulun Avoimen yliopiston opintoina.<br><br>Lis\u00e4tietoja opiskelusta sek\u00e4 opintojen hakulomakkeen l\u00f6yd\u00e4t <a href=\"https:\/\/laajasalonopisto.fi\/koulutus\/nayttelijantaide-i\/?_gl=1*sbfyxp*_ga*MjEwNjUyODU0NS4xNzQ1NTE3NDU3*_up*MQ..\" data-type=\"link\" data-id=\"https:\/\/laajasalonopisto.fi\/koulutus\/nayttelijantaide-i\/?_gl=1*sbfyxp*_ga*MjEwNjUyODU0NS4xNzQ1NTE3NDU3*_up*MQ..\">opintolinjan nettisivuilta<\/a>.<\/div><\/div><\/div><div class=\"tpgb-accor-item tpgb-relative-block\"><div class=\"tpgb-accordion-header tpgb-trans-linear-before text-left\" id=\"tpag-tab-title-99ae_8045\" role=\"tab\" data-tab=\"5\" aria-controls=\"tpag-tab-title-99ae_8045\"><span class=\"accordion-title-icon-wrap\"><h3 class=\"accordion-title\">N\u00e4yttelij\u00e4ntaide 2<\/h3><\/span><\/div><div id=\"tpag-tab-content-99ae_8045\" class=\"tpgb-accordion-content\" role=\"tabpanel\" data-tab=\"5\" aria-labelledby=\"tpag-tab-title-99ae_8045\"><div class=\"tpgb-content-editor text-left\">N\u00e4yttelij\u00e4ntaide 2 on tarkoitettu syvent\u00e4v\u00e4ksi koulutukseksi vuoden kansanopistolinjan k\u00e4ynneille tai vastaavat tiedot ja taidot omaaville. Vuosi koostuu jaksoista, joissa syvenn\u00e4mme n\u00e4yttelij\u00e4nty\u00f6n taitoja sek\u00e4 tutkimme erilaisia tapoja tehd\u00e4 teatteria. Turvallisessa oppimisymp\u00e4rist\u00f6ss\u00e4 kehit\u00e4mme ymm\u00e4rryst\u00e4mme tuottaa teatteri- ja n\u00e4yttelij\u00e4ntaidetta itsen\u00e4isesti sek\u00e4 ryhmiss\u00e4. Vuoden aikana tuotamme useita demoja ja esityksi\u00e4 omassa Teatteritalossamme monien alalla toimivien ammattilaisten opettamana.<br><br>Lis\u00e4tietoa opiskelusta sek\u00e4 opintojen hakulomakkeen l\u00f6yd\u00e4t <a href=\"https:\/\/laajasalonopisto.fi\/koulutus\/nayttelijantaide-ii\/?_gl=1*1cmc0b4*_ga*MjEwNjUyODU0NS4xNzQ1NTE3NDU3*_up*MQ..\" data-type=\"link\" data-id=\"https:\/\/laajasalonopisto.fi\/koulutus\/nayttelijantaide-ii\/?_gl=1*1cmc0b4*_ga*MjEwNjUyODU0NS4xNzQ1NTE3NDU3*_up*MQ..\">opintolinjan nettisivuilta.<\/a><\/div><\/div><\/div><div class=\"tpgb-accor-item tpgb-relative-block\"><div class=\"tpgb-accordion-header tpgb-trans-linear-before text-left\" id=\"tpag-tab-title-99ae_8046\" role=\"tab\" data-tab=\"6\" aria-controls=\"tpag-tab-title-99ae_8046\"><span class=\"accordion-title-icon-wrap\"><h3 class=\"accordion-title\">Pelituotanto<\/h3><\/span><\/div><div id=\"tpag-tab-content-99ae_8046\" class=\"tpgb-accordion-content\" role=\"tabpanel\" data-tab=\"6\" aria-labelledby=\"tpag-tab-title-99ae_8046\"><div class=\"tpgb-content-editor text-left\">Pelisuunnittelijan ty\u00f6 on k\u00e4sity\u00f6t\u00e4 ja tiivist\u00e4 tiimity\u00f6t\u00e4, eik\u00e4 sit\u00e4 opi kirjekurssina. Pelituotannon opinnot ovat intensiivisi\u00e4 ja t\u00e4ht\u00e4\u00e4v\u00e4t korkeatasoiseen pelisuunnittelun nosaamiseen, josta on hy\u00f6ty\u00e4 pelialalla tai jatko-opinnoissa. Aluksi kaikki tutustuvat pelituotannon eri taitoihin kuten pelisuunnitteluun, ohjelmointiin ja 3D-mallinnukseen, ja vuoden mittaan kukin opiskelija rakentaa itselleen erikoisosaamisen valitsemaansa osioon. Opittua sovelletaan jatkuvasti ryhm\u00e4t\u00f6in\u00e4 teht\u00e4viss\u00e4 peliprojekteissa. Linjalaiset tutustuvat pelialaan ja p\u00e4\u00e4sev\u00e4t verkostoitumaan. Vuoden lopussa opiskelijalla on useiden toimivien pelien portfolio ja koulutus sek\u00e4 valmiudet toimia pelisuunnittelijana.<br><br>Lis\u00e4tietoa opiskelusta sek\u00e4 opintojen hakulomakkeen l\u00f6yd\u00e4t <a href=\"https:\/\/laajasalonopisto.fi\/koulutus\/pelituotanto\/?_gl=1*1ruqh1n*_ga*MjEwNjUyODU0NS4xNzQ1NTE3NDU3*_up*MQ..\" data-type=\"link\" data-id=\"https:\/\/laajasalonopisto.fi\/koulutus\/pelituotanto\/?_gl=1*1ruqh1n*_ga*MjEwNjUyODU0NS4xNzQ1NTE3NDU3*_up*MQ..\">opintolinjan nettisivuilta.<\/a><\/div><\/div><\/div><div class=\"tpgb-accor-item tpgb-relative-block\"><div class=\"tpgb-accordion-header tpgb-trans-linear-before text-left\" id=\"tpag-tab-title-99ae_8047\" role=\"tab\" data-tab=\"7\" aria-controls=\"tpag-tab-title-99ae_8047\"><span class=\"accordion-title-icon-wrap\"><h3 class=\"accordion-title\">Tanssi<\/h3><\/span><\/div><div id=\"tpag-tab-content-99ae_8047\" class=\"tpgb-accordion-content\" role=\"tabpanel\" data-tab=\"7\" aria-labelledby=\"tpag-tab-title-99ae_8047\"><div class=\"tpgb-content-editor text-left\">Laajasalon opiston\u00a0<strong>tanssijan koulutus<\/strong>\u00a0on monimuotoinen opintokokonaisuus nykytanssista ja tanssijan ammatista kiinnostuneille, joka antaa valmiuksia tanssin jatko-opintoihin.<br>Koulutuksen opinnoissa tutustutaan monipuolisesti ja k\u00e4yt\u00e4nn\u00f6nl\u00e4heisesti tanssijan ty\u00f6h\u00f6n, nykytanssiin taiteenlajina sek\u00e4 ilmaisumuotona ja harjoitetaan m\u00e4\u00e4r\u00e4tietoisesti tanssiteknisi\u00e4 taitoja. Tanssin harjoittelu painottuu nykytanssiin sek\u00e4 pari- ja lattiatekniikkaan. Vierailevat opettajat muun muassa Kinetic Orchestra -nykytanssiryhm\u00e4st\u00e4 t\u00e4ydent\u00e4v\u00e4t opintovuoden. Opiskelijan omaa taiteellista kasvua, mielenkiintoa ja luovuutta tuetaan ja vahvistetaan. Opintojen aikana opiskelijat valmistavat oman taiteellisen projektin sek\u00e4 esiintyv\u00e4t yhdess\u00e4.<br><br>Lis\u00e4tietoja opiskelusta sek\u00e4 opintojen hakulomakkeen l\u00f6yd\u00e4t <a href=\"https:\/\/laajasalonopisto.fi\/koulutus\/tanssikoulutus\/?_gl=1*1gzziwe*_ga*MTE3NDU2NTA2LjE3NDU1MTg2OTM.*_up*MQ..\" data-type=\"link\" data-id=\"https:\/\/laajasalonopisto.fi\/koulutus\/tanssikoulutus\/?_gl=1*1gzziwe*_ga*MTE3NDU2NTA2LjE3NDU1MTg2OTM.*_up*MQ..\">Tanssikoulutuksen nettisivuilta.<\/a><\/div><\/div><\/div><\/div><\/div>\n\n\n<div class=\"tpgb-empty-space tpgb-block-d2fe_804 \"><\/div>\n\n\n<p><\/p>\n","protected":false},"excerpt":{"rendered":"<p>Taideopinnot Hae mukaan ja aloita opinnot elokuussa 2025! Laajasalon opiston taiteen koulutukset ovat lukuvuoden pituisia opintolinjoja, jossa p\u00e4\u00e4set kehitt\u00e4m\u00e4\u00e4n osaamistasi ja ilmaisuasi.&nbsp;Koulutuksissa syvennyt\u00e4\u00e4n valittuun taidealaan monipuolisesti ja k\u00e4yt\u00e4nn\u00f6n tekemisen kautta. Opinnoissa kehit\u00e4t omaa teknist\u00e4 ja ilmaisullista osaamistasi henkil\u00f6kohtaisten tavoitteidesi mukaan. Opinnot tarjoavat valmiuksia ty\u00f6el\u00e4m\u00e4\u00e4n sek\u00e4 jatko-opintoihin hakeutumiseen. Lukuvuoden aikana p\u00e4\u00e4set tutustumaan alan ammatillisiin mahdollisuuksiin ja [&hellip;]<\/p>\n","protected":false},"author":1,"featured_media":0,"parent":0,"menu_order":0,"comment_status":"closed","ping_status":"closed","template":"","meta":{"tpgb_global_settings":"","_uag_custom_page_level_css":"","footnotes":""},"class_list":["post-804","page","type-page","status-publish","hentry"],"tpgb_featured_images":null,"tpgb_post_meta_info":{"get_date":"April 24, 2025","get_modified_date":"May 15, 2025","author_name":"admin","author_url":"https:\/\/taikafest.fi\/index.php\/author\/larissa-haggrenlaajasalonopisto-fi\/","author_email":"larissa.haggren@laajasalonopisto.fi","author_website":"https:\/\/taikafest.fi","author_description":"","author_facebook":"","author_twitter":"","author_instagram":"","author_role":["administrator"],"author_firstname":"","author_lastname":"","user_login":"larissa.haggren@laajasalonopisto.fi","author_avatar":"<img alt='' src='https:\/\/secure.gravatar.com\/avatar\/1bcb9926ba99dae2782161425dcd258f?s=200&#038;d=mm&#038;r=g' srcset='https:\/\/secure.gravatar.com\/avatar\/1bcb9926ba99dae2782161425dcd258f?s=400&#038;d=mm&#038;r=g 2x' class='avatar avatar-200 photo' height='200' width='200' loading='lazy' decoding='async'\/>","author_avatar_url":"https:\/\/secure.gravatar.com\/avatar\/1bcb9926ba99dae2782161425dcd258f?s=96&d=mm&r=g","comment_count":0,"post_likes":0,"post_views":0},"tpgb_post_category":[],"uagb_featured_image_src":{"full":false,"thumbnail":false,"medium":false,"medium_large":false,"large":false,"1536x1536":false,"2048x2048":false,"tp-image-grid":false},"uagb_author_info":{"display_name":"admin","author_link":"https:\/\/taikafest.fi\/index.php\/author\/larissa-haggrenlaajasalonopisto-fi\/"},"uagb_comment_info":0,"uagb_excerpt":"Taideopinnot Hae mukaan ja aloita opinnot elokuussa 2025! Laajasalon opiston taiteen koulutukset ovat lukuvuoden pituisia opintolinjoja, jossa p\u00e4\u00e4set kehitt\u00e4m\u00e4\u00e4n osaamistasi ja ilmaisuasi.&nbsp;Koulutuksissa syvennyt\u00e4\u00e4n valittuun taidealaan monipuolisesti ja k\u00e4yt\u00e4nn\u00f6n tekemisen kautta. Opinnoissa kehit\u00e4t omaa teknist\u00e4 ja ilmaisullista osaamistasi henkil\u00f6kohtaisten tavoitteidesi mukaan. Opinnot tarjoavat valmiuksia ty\u00f6el\u00e4m\u00e4\u00e4n sek\u00e4 jatko-opintoihin hakeutumiseen. Lukuvuoden aikana p\u00e4\u00e4set tutustumaan alan ammatillisiin mahdollisuuksiin ja&hellip;","_links":{"self":[{"href":"https:\/\/taikafest.fi\/index.php\/wp-json\/wp\/v2\/pages\/804","targetHints":{"allow":["GET"]}}],"collection":[{"href":"https:\/\/taikafest.fi\/index.php\/wp-json\/wp\/v2\/pages"}],"about":[{"href":"https:\/\/taikafest.fi\/index.php\/wp-json\/wp\/v2\/types\/page"}],"author":[{"embeddable":true,"href":"https:\/\/taikafest.fi\/index.php\/wp-json\/wp\/v2\/users\/1"}],"replies":[{"embeddable":true,"href":"https:\/\/taikafest.fi\/index.php\/wp-json\/wp\/v2\/comments?post=804"}],"version-history":[{"count":64,"href":"https:\/\/taikafest.fi\/index.php\/wp-json\/wp\/v2\/pages\/804\/revisions"}],"predecessor-version":[{"id":1066,"href":"https:\/\/taikafest.fi\/index.php\/wp-json\/wp\/v2\/pages\/804\/revisions\/1066"}],"wp:attachment":[{"href":"https:\/\/taikafest.fi\/index.php\/wp-json\/wp\/v2\/media?parent=804"}],"curies":[{"name":"wp","href":"https:\/\/api.w.org\/{rel}","templated":true}]}}