{"id":107,"date":"2025-04-05T19:58:35","date_gmt":"2025-04-05T19:58:35","guid":{"rendered":"https:\/\/taikafest.fi\/?page_id=107"},"modified":"2025-05-19T13:35:05","modified_gmt":"2025-05-19T13:35:05","slug":"ohjelma","status":"publish","type":"page","link":"https:\/\/taikafest.fi\/index.php\/ohjelma\/","title":{"rendered":"Ohjelma"},"content":{"rendered":"\n<div class=\"wp-block-uagb-slider uag-blocks-common-selector uagb-block-6a5cbe86 uagb-slider-container\"><div class=\"uagb-slides uagb-swiper\"><div class=\"swiper-wrapper\">\n<div class=\"wp-block-uagb-slider-child uagb-slider-child-wrap swiper-slide uagb-block-28e87fbe\"><div class=\"swiper-content\">\n<figure class=\"wp-block-image alignfull size-large\"><img loading=\"lazy\" decoding=\"async\" width=\"2560\" height=\"1439\" src=\"https:\/\/taikafest.fi\/wp-content\/uploads\/2025\/04\/Katri_4-edited-1-scaled.jpg\" alt=\"\" class=\"wp-image-910\" srcset=\"https:\/\/taikafest.fi\/wp-content\/uploads\/2025\/04\/Katri_4-edited-1-scaled.jpg 2560w, https:\/\/taikafest.fi\/wp-content\/uploads\/2025\/04\/Katri_4-edited-1-300x169.jpg 300w, https:\/\/taikafest.fi\/wp-content\/uploads\/2025\/04\/Katri_4-edited-1-1024x576.jpg 1024w, https:\/\/taikafest.fi\/wp-content\/uploads\/2025\/04\/Katri_4-edited-1-768x432.jpg 768w, https:\/\/taikafest.fi\/wp-content\/uploads\/2025\/04\/Katri_4-edited-1-1536x863.jpg 1536w, https:\/\/taikafest.fi\/wp-content\/uploads\/2025\/04\/Katri_4-edited-1-2048x1151.jpg 2048w\" sizes=\"auto, (max-width: 2560px) 100vw, 2560px\" \/><\/figure>\n<\/div><\/div>\n\n\n\n<div class=\"wp-block-uagb-slider-child uagb-slider-child-wrap swiper-slide uagb-block-a3f925ee\"><div class=\"swiper-content\">\n<figure class=\"wp-block-image alignfull size-large\"><img loading=\"lazy\" decoding=\"async\" width=\"2560\" height=\"1439\" src=\"https:\/\/taikafest.fi\/wp-content\/uploads\/2025\/04\/Minya-ja-Riina-edited-3-scaled.jpg\" alt=\"\" class=\"wp-image-911\" srcset=\"https:\/\/taikafest.fi\/wp-content\/uploads\/2025\/04\/Minya-ja-Riina-edited-3-scaled.jpg 2560w, https:\/\/taikafest.fi\/wp-content\/uploads\/2025\/04\/Minya-ja-Riina-edited-3-300x169.jpg 300w, https:\/\/taikafest.fi\/wp-content\/uploads\/2025\/04\/Minya-ja-Riina-edited-3-1024x576.jpg 1024w, https:\/\/taikafest.fi\/wp-content\/uploads\/2025\/04\/Minya-ja-Riina-edited-3-768x432.jpg 768w, https:\/\/taikafest.fi\/wp-content\/uploads\/2025\/04\/Minya-ja-Riina-edited-3-1536x863.jpg 1536w, https:\/\/taikafest.fi\/wp-content\/uploads\/2025\/04\/Minya-ja-Riina-edited-3-2048x1151.jpg 2048w\" sizes=\"auto, (max-width: 2560px) 100vw, 2560px\" \/><\/figure>\n<\/div><\/div>\n\n\n\n<div class=\"wp-block-uagb-slider-child uagb-slider-child-wrap swiper-slide uagb-block-517c4a36\"><div class=\"swiper-content\">\n<figure class=\"wp-block-image alignfull size-large\"><img loading=\"lazy\" decoding=\"async\" width=\"2560\" height=\"1441\" src=\"https:\/\/taikafest.fi\/wp-content\/uploads\/2025\/05\/P1020554-edited-scaled.jpg\" alt=\"\" class=\"wp-image-996\" srcset=\"https:\/\/taikafest.fi\/wp-content\/uploads\/2025\/05\/P1020554-edited-scaled.jpg 2560w, https:\/\/taikafest.fi\/wp-content\/uploads\/2025\/05\/P1020554-edited-300x169.jpg 300w, https:\/\/taikafest.fi\/wp-content\/uploads\/2025\/05\/P1020554-edited-1024x576.jpg 1024w, https:\/\/taikafest.fi\/wp-content\/uploads\/2025\/05\/P1020554-edited-768x432.jpg 768w, https:\/\/taikafest.fi\/wp-content\/uploads\/2025\/05\/P1020554-edited-1536x864.jpg 1536w, https:\/\/taikafest.fi\/wp-content\/uploads\/2025\/05\/P1020554-edited-2048x1152.jpg 2048w\" sizes=\"auto, (max-width: 2560px) 100vw, 2560px\" \/><\/figure>\n<\/div><\/div>\n\n\n\n<div class=\"wp-block-uagb-slider-child uagb-slider-child-wrap swiper-slide uagb-block-e965603c\"><div class=\"swiper-content\">\n<figure class=\"wp-block-image alignfull size-large\"><img loading=\"lazy\" decoding=\"async\" width=\"3317\" height=\"1865\" src=\"https:\/\/taikafest.fi\/wp-content\/uploads\/2025\/04\/image001-edited-1.png\" alt=\"\" class=\"wp-image-914\" srcset=\"https:\/\/taikafest.fi\/wp-content\/uploads\/2025\/04\/image001-edited-1.png 3317w, https:\/\/taikafest.fi\/wp-content\/uploads\/2025\/04\/image001-edited-1-300x169.png 300w, https:\/\/taikafest.fi\/wp-content\/uploads\/2025\/04\/image001-edited-1-1024x576.png 1024w, https:\/\/taikafest.fi\/wp-content\/uploads\/2025\/04\/image001-edited-1-768x432.png 768w, https:\/\/taikafest.fi\/wp-content\/uploads\/2025\/04\/image001-edited-1-1536x864.png 1536w, https:\/\/taikafest.fi\/wp-content\/uploads\/2025\/04\/image001-edited-1-2048x1151.png 2048w\" sizes=\"auto, (max-width: 3317px) 100vw, 3317px\" \/><\/figure>\n<\/div><\/div>\n\n\n\n<div class=\"wp-block-uagb-slider-child uagb-slider-child-wrap swiper-slide uagb-block-df178a69\"><div class=\"swiper-content\">\n<figure class=\"wp-block-image alignfull size-large\"><img loading=\"lazy\" decoding=\"async\" width=\"2987\" height=\"1679\" src=\"https:\/\/taikafest.fi\/wp-content\/uploads\/2025\/04\/DSC_6747-edited.png\" alt=\"\" class=\"wp-image-898\" srcset=\"https:\/\/taikafest.fi\/wp-content\/uploads\/2025\/04\/DSC_6747-edited.png 2987w, https:\/\/taikafest.fi\/wp-content\/uploads\/2025\/04\/DSC_6747-edited-300x169.png 300w, https:\/\/taikafest.fi\/wp-content\/uploads\/2025\/04\/DSC_6747-edited-1024x576.png 1024w, https:\/\/taikafest.fi\/wp-content\/uploads\/2025\/04\/DSC_6747-edited-768x432.png 768w, https:\/\/taikafest.fi\/wp-content\/uploads\/2025\/04\/DSC_6747-edited-1536x863.png 1536w, https:\/\/taikafest.fi\/wp-content\/uploads\/2025\/04\/DSC_6747-edited-2048x1151.png 2048w\" sizes=\"auto, (max-width: 2987px) 100vw, 2987px\" \/><\/figure>\n<\/div><\/div>\n\n\n\n<div class=\"wp-block-uagb-slider-child uagb-slider-child-wrap swiper-slide uagb-block-c12a52b9\"><div class=\"swiper-content\">\n<figure class=\"wp-block-image alignfull size-large\"><img loading=\"lazy\" decoding=\"async\" width=\"2560\" height=\"1441\" src=\"https:\/\/taikafest.fi\/wp-content\/uploads\/2025\/05\/P1020562-edited-scaled.jpg\" alt=\"\" class=\"wp-image-1009\" srcset=\"https:\/\/taikafest.fi\/wp-content\/uploads\/2025\/05\/P1020562-edited-scaled.jpg 2560w, https:\/\/taikafest.fi\/wp-content\/uploads\/2025\/05\/P1020562-edited-300x169.jpg 300w, https:\/\/taikafest.fi\/wp-content\/uploads\/2025\/05\/P1020562-edited-1024x576.jpg 1024w, https:\/\/taikafest.fi\/wp-content\/uploads\/2025\/05\/P1020562-edited-768x432.jpg 768w, https:\/\/taikafest.fi\/wp-content\/uploads\/2025\/05\/P1020562-edited-1536x864.jpg 1536w, https:\/\/taikafest.fi\/wp-content\/uploads\/2025\/05\/P1020562-edited-2048x1152.jpg 2048w\" sizes=\"auto, (max-width: 2560px) 100vw, 2560px\" \/><\/figure>\n<\/div><\/div>\n<\/div><\/div><div class=\"swiper-pagination\"><\/div><\/div>\n\n\n\n<h1 class=\"wp-block-heading has-text-align-center\">Festivaalin ohjelma<\/h1>\n\n\n\n<div class=\"wp-block-uagb-separator uagb-block-29ab0208\"><div class=\"wp-block-uagb-separator__inner\" style=\"--my-background-image:\"><\/div><\/div>\n\n\n\n<h2 class=\"wp-block-heading has-text-align-center\"><\/h2>\n\n\n\n<div class=\"wp-block-uagb-container uagb-block-891a3635 alignfull uagb-is-root-container\"><div class=\"uagb-container-inner-blocks-wrap\">\n<div class=\"wp-block-group\"><div class=\"wp-block-group__inner-container is-layout-constrained wp-block-group-is-layout-constrained\">\n<div class=\"wp-block-group is-vertical is-layout-flex wp-container-core-group-is-layout-1 wp-block-group-is-layout-flex\">\n<div style=\"height:0px\" aria-hidden=\"true\" class=\"wp-block-spacer wp-container-content-1\"><\/div>\n\n\n\n<h3 class=\"wp-block-heading\">Koko tapahtumaviikon ajan<\/h3>\n\n\n\n<div style=\"height:10px\" aria-hidden=\"true\" class=\"wp-block-spacer wp-container-content-2\"><\/div>\n\n\n\n<div class=\"tpgb-accordion tpgb-block-2e8a_107\"><div class=\"tpgb-accor-wrap\" data-type=\"accordion\" role=\"tablist\"><div class=\"tpgb-accor-item tpgb-relative-block\"><div class=\"tpgb-accordion-header tpgb-trans-linear-before text-left\" id=\"tpag-tab-title-2e8a_1071\" role=\"tab\" data-tab=\"1\" aria-controls=\"tpag-tab-title-2e8a_1071\"><span class=\"accordion-title-icon-wrap\"><h3 class=\"accordion-title\">J\u00e4lki\u00e4 &#8211; Kuvislinjan kev\u00e4tn\u00e4yttely \/ Pasilan kirjasto, Kellosilta 9<\/h3><\/span><\/div><div id=\"tpag-tab-content-2e8a_1071\" class=\"tpgb-accordion-content\" role=\"tabpanel\" data-tab=\"1\" aria-labelledby=\"tpag-tab-title-2e8a_1071\"><div class=\"tpgb-content-editor text-left\">Meill\u00e4 kaikilla on omanlainen viivamme, erilainen j\u00e4lki tehd\u00e4 asioita. Mink\u00e4laisia j\u00e4lki\u00e4 me j\u00e4t\u00e4mme j\u00e4lkeemme ja toisiimme? Mink\u00e4laisen j\u00e4ljen vuosi on meihin j\u00e4tt\u00e4nyt?<br><br>\u201dJ\u00e4lki\u00e4\u201d -n\u00e4yttelyyn voi tutustua Pasilan kirjaston <a href=\"https:\/\/helmet.finna.fi\/OrganisationInfo\/Home#84924\" data-type=\"link\" data-id=\"https:\/\/helmet.finna.fi\/OrganisationInfo\/Home#84924\">aukioloaikoina <\/a>osoitteessa Kellosilta 9.<\/div><\/div><\/div><\/div><\/div>\n<\/div>\n<\/div><\/div>\n<\/div><\/div>\n\n\n\n<div style=\"height:10px\" aria-hidden=\"true\" class=\"wp-block-spacer\"><\/div>\n\n\n\n<h3 class=\"wp-block-heading\">MAANANTAI 19.5.<\/h3>\n\n\n\n<div class=\"tpgb-accordion tpgb-block-b86f_107\"><div class=\"tpgb-accor-wrap\" data-type=\"accordion\" role=\"tablist\"><div class=\"tpgb-accor-item tpgb-relative-block\"><div class=\"tpgb-accordion-header tpgb-trans-linear-before text-left\" id=\"tpag-tab-title-b86f_1071\" role=\"tab\" data-tab=\"1\" aria-controls=\"tpag-tab-title-b86f_1071\"><span class=\"accordion-title-icon-wrap\"><h3 class=\"accordion-title\">12:00-15:00 Taidelinjojen avoimet ovet \/ useita tiloja<\/h3><\/span><\/div><div id=\"tpag-tab-content-b86f_1071\" class=\"tpgb-accordion-content\" role=\"tabpanel\" data-tab=\"1\" aria-labelledby=\"tpag-tab-title-b86f_1071\"><div class=\"tpgb-content-editor text-left\">Avoimia tunteja eri puolella opiston kampusta &#8211; tervetuloa tutustumaan!<br><br>Elokuvalinja &#8211; Lyhytelokuvia ja opintolinjan esittely\u00e4, Pollari, Kuukiventie 6<br><br>Kuvataide ja graafinen suunnittelu &#8211; klo 13 Nykytanssi-croquis, Laajasalo-sali, Kuukiventie 6<br><br>Musiikkikoulutus &#8211; klo 13 Nykytanssi-croquis, Laajasalo-sali, Kuukiventie 6<br><br>N\u00e4yttelij\u00e4ntaide &#8211; klo 12 avoin tunti Musiikkiteatteri, Laajasalon VPK<br><br>Pelituotanto &#8211; klo 12 avoin tunti, peliprojektity\u00f6skentely\u00e4, Paarpuuri, Kuukiventie 6<br><br>Tanssikoulutus &#8211; klo 13 Nykytanssi-croquis, Laajasalo-sali, Kuukiventie 6<\/div><\/div><\/div><div class=\"tpgb-accor-item tpgb-relative-block\"><div class=\"tpgb-accordion-header tpgb-trans-linear-before text-left\" id=\"tpag-tab-title-b86f_1072\" role=\"tab\" data-tab=\"2\" aria-controls=\"tpag-tab-title-b86f_1072\"><span class=\"accordion-title-icon-wrap\"><h3 class=\"accordion-title\">12:00-13:00 Elokuvalinjan lyhytelokuvia kuluneelta opintovuodelta \/ Kuukiventie 6<\/h3><\/span><\/div><div id=\"tpag-tab-content-b86f_1072\" class=\"tpgb-accordion-content\" role=\"tabpanel\" data-tab=\"2\" aria-labelledby=\"tpag-tab-title-b86f_1072\"><div class=\"tpgb-content-editor text-left\"><\/div><\/div><\/div><div class=\"tpgb-accor-item tpgb-relative-block\"><div class=\"tpgb-accordion-header tpgb-trans-linear-before text-left\" id=\"tpag-tab-title-b86f_1073\" role=\"tab\" data-tab=\"3\" aria-controls=\"tpag-tab-title-b86f_1073\"><span class=\"accordion-title-icon-wrap\"><h3 class=\"accordion-title\">13:00 Nykytanssi-croquis, lives\u00e4estys &#8211; Musiikkikoulutus, Tanssikoulutus, Kuvislinja \/ Laajasalosali, Kuukiventie 6<\/h3><\/span><\/div><div id=\"tpag-tab-content-b86f_1073\" class=\"tpgb-accordion-content\" role=\"tabpanel\" data-tab=\"3\" aria-labelledby=\"tpag-tab-title-b86f_1073\"><div class=\"tpgb-content-editor text-left\">Musiikkikoulutuksen, Tanssikoulutuksen sek\u00e4 Kuvataide ja graafinen suunnittelu -linjan opiskelijoiden j\u00e4rjest\u00e4m\u00e4ss\u00e4 Nykytanssi-croquissa p\u00e4\u00e4set piirt\u00e4m\u00e4\u00e4n tanssivaa mallia lives\u00e4estyksen siivitt\u00e4m\u00e4n\u00e4. <br><br>Tanssikoulutuksen opiskelijat tanssivat musiikkikoulutuksen opiskelijoiden s\u00e4estyksell\u00e4 ja sin\u00e4 p\u00e4\u00e4set piirt\u00e4m\u00e4\u00e4n tanssivaa mallia, tai voit vain tulla ihastelemaan tanssia, el\u00e4v\u00e4\u00e4 musiikkia sek\u00e4 piirt\u00e4vi\u00e4 ihmisi\u00e4 ja nauttimaan monitaiteisesta ilmapiirist\u00e4.<br><\/div><\/div><\/div><div class=\"tpgb-accor-item tpgb-relative-block\"><div class=\"tpgb-accordion-header tpgb-trans-linear-before text-left\" id=\"tpag-tab-title-b86f_1074\" role=\"tab\" data-tab=\"4\" aria-controls=\"tpag-tab-title-b86f_1074\"><span class=\"accordion-title-icon-wrap\"><h3 class=\"accordion-title\">14:00-15:00 Elokuvalinjan lyhytelokuvia kuluneelta vuodelta \/ Kuukiventie 6<\/h3><\/span><\/div><div id=\"tpag-tab-content-b86f_1074\" class=\"tpgb-accordion-content\" role=\"tabpanel\" data-tab=\"4\" aria-labelledby=\"tpag-tab-title-b86f_1074\"><div class=\"tpgb-content-editor text-left\"><\/div><\/div><\/div><div class=\"tpgb-accor-item tpgb-relative-block\"><div class=\"tpgb-accordion-header tpgb-trans-linear-before text-left\" id=\"tpag-tab-title-b86f_1075\" role=\"tab\" data-tab=\"5\" aria-controls=\"tpag-tab-title-b86f_1075\"><span class=\"accordion-title-icon-wrap\"><h3 class=\"accordion-title\">17:00 Festivaalin avajaiset \/ Laajasalosali, Kuukiventie 6<\/h3><\/span><\/div><div id=\"tpag-tab-content-b86f_1075\" class=\"tpgb-accordion-content\" role=\"tabpanel\" data-tab=\"5\" aria-labelledby=\"tpag-tab-title-b86f_1075\"><div class=\"tpgb-content-editor text-left\">Avajaispuhe &#8211; Rehtori Juha Matti Holopainen<br><br>Esityksi\u00e4 eri linjoilta:<br>Musiikkikoulutus<br>N\u00e4yttelij\u00e4ntaide &#8211; Teatterin tyylilajit -kurssin antia<br>Tanssikoulutus<\/div><\/div><\/div><div class=\"tpgb-accor-item tpgb-relative-block\"><div class=\"tpgb-accordion-header tpgb-trans-linear-before text-left\" id=\"tpag-tab-title-b86f_1076\" role=\"tab\" data-tab=\"6\" aria-controls=\"tpag-tab-title-b86f_1076\"><span class=\"accordion-title-icon-wrap\"><h3 class=\"accordion-title\">18:30 Olet t\u00e4ss\u00e4 &#8211; N\u00e4yttelij\u00e4ntaide 1 p\u00e4\u00e4produktio \/ Laajasalon VPK, Yliskyl\u00e4nkaari 10<\/h3><\/span><\/div><div id=\"tpag-tab-content-b86f_1076\" class=\"tpgb-accordion-content\" role=\"tabpanel\" data-tab=\"6\" aria-labelledby=\"tpag-tab-title-b86f_1076\"><div class=\"tpgb-content-editor text-left\">Esitys on N\u00e4yttelij\u00e4ntaiteenlinja 1 p\u00e4\u00e4produktio. Esitys on tehty materiaalista esitykseksi ty\u00f6tavalla. Kesto 1h 30min ilman v\u00e4liaikaa. <br><br>Lippuvaraukset osoitteeseen draamasalo@gmail.com <\/div><\/div><\/div><\/div><\/div>\n\n\n\n<div style=\"height:30px\" aria-hidden=\"true\" class=\"wp-block-spacer\"><\/div>\n\n\n\n<h3 class=\"wp-block-heading\">TIISTAI 20.5.<\/h3>\n\n\n\n<div class=\"tpgb-accordion tpgb-block-2354_107\"><div class=\"tpgb-accor-wrap\" data-type=\"accordion\" role=\"tablist\"><div class=\"tpgb-accor-item tpgb-relative-block\"><div class=\"tpgb-accordion-header tpgb-trans-linear-before text-left\" id=\"tpag-tab-title-2354_1071\" role=\"tab\" data-tab=\"1\" aria-controls=\"tpag-tab-title-2354_1071\"><span class=\"accordion-title-icon-wrap\"><h3 class=\"accordion-title\">13:00 Tyylilajidemo &#8211; N\u00e4yttelij\u00e4ntaide 2 \/ Laajasalosali, Kuukiventie 6<\/h3><\/span><\/div><div id=\"tpag-tab-content-2354_1071\" class=\"tpgb-accordion-content\" role=\"tabpanel\" data-tab=\"1\" aria-labelledby=\"tpag-tab-title-2354_1071\"><div class=\"tpgb-content-editor text-left\">N\u00e4yttelij\u00e4ntaide 2 on opiskellut teatterin tyylilajeja: antiikin Kreikan tragedia, komedia, Shakespeare, ekspressionismi, Bertolt Brechtin eeppinen teatteri, absurdi teatteri<\/div><\/div><\/div><div class=\"tpgb-accor-item tpgb-relative-block\"><div class=\"tpgb-accordion-header tpgb-trans-linear-before text-left\" id=\"tpag-tab-title-2354_1072\" role=\"tab\" data-tab=\"2\" aria-controls=\"tpag-tab-title-2354_1072\"><span class=\"accordion-title-icon-wrap\"><h3 class=\"accordion-title\">17:00 Musiikkiteatteridemo 1 &#8211; N\u00e4yttelij\u00e4ntaide \/ Laajasalon VPK, Yliskyl\u00e4nkaari 10<\/h3><\/span><\/div><div id=\"tpag-tab-content-2354_1072\" class=\"tpgb-accordion-content\" role=\"tabpanel\" data-tab=\"2\" aria-labelledby=\"tpag-tab-title-2354_1072\"><div class=\"tpgb-content-editor text-left\"><\/div><\/div><\/div><\/div><\/div>\n\n\n\n<div style=\"height:30px\" aria-hidden=\"true\" class=\"wp-block-spacer\"><\/div>\n\n\n\n<h3 class=\"wp-block-heading\">KESKIVIIKKO 21.5.<\/h3>\n\n\n\n<div class=\"tpgb-accordion tpgb-block-46dc_107\"><div class=\"tpgb-accor-wrap\" data-type=\"accordion\" role=\"tablist\"><div class=\"tpgb-accor-item tpgb-relative-block\"><div class=\"tpgb-accordion-header tpgb-trans-linear-before text-left\" id=\"tpag-tab-title-46dc_1071\" role=\"tab\" data-tab=\"1\" aria-controls=\"tpag-tab-title-46dc_1071\"><span class=\"accordion-title-icon-wrap\"><h3 class=\"accordion-title\">12:00-16:30 Pelituotantolinjan demop\u00e4iv\u00e4 \/ Kuukiventie 6<\/h3><\/span><\/div><div id=\"tpag-tab-content-46dc_1071\" class=\"tpgb-accordion-content\" role=\"tabpanel\" data-tab=\"1\" aria-labelledby=\"tpag-tab-title-46dc_1071\"><div class=\"tpgb-content-editor text-left\">Tule kokeilemaan linjalla vuoden aikana tehtyj\u00e4 pelej\u00e4 ja kokemuksia tekij\u00f6iden esittelem\u00e4n\u00e4! N\u00e4ytteill\u00e4 PC-, mobiili- ja virtuaalitodellisuuspelit.<\/div><\/div><\/div><div class=\"tpgb-accor-item tpgb-relative-block\"><div class=\"tpgb-accordion-header tpgb-trans-linear-before text-left\" id=\"tpag-tab-title-46dc_1072\" role=\"tab\" data-tab=\"2\" aria-controls=\"tpag-tab-title-46dc_1072\"><span class=\"accordion-title-icon-wrap\"><h3 class=\"accordion-title\">13:00 Tanssikoulutuksen n\u00e4yt\u00f6s \/ VPK, Yliskyl\u00e4nkaari 10<\/h3><\/span><\/div><div id=\"tpag-tab-content-46dc_1072\" class=\"tpgb-accordion-content\" role=\"tabpanel\" data-tab=\"2\" aria-labelledby=\"tpag-tab-title-46dc_1072\"><div class=\"tpgb-content-editor text-left\">Tanssikoulutuksen n\u00e4yt\u00f6ksess\u00e4 n\u00e4hd\u00e4\u00e4n tanssilinjan opiskelijoiden omia sooloja, duoja, ryhm\u00e4improvisaatiota sek\u00e4 katkelmia Jarkko Mandelinin koreografioimasta teoksesta \u20199\u2019<\/div><\/div><\/div><div class=\"tpgb-accor-item tpgb-relative-block\"><div class=\"tpgb-accordion-header tpgb-trans-linear-before text-left\" id=\"tpag-tab-title-46dc_1073\" role=\"tab\" data-tab=\"3\" aria-controls=\"tpag-tab-title-46dc_1073\"><span class=\"accordion-title-icon-wrap\"><h3 class=\"accordion-title\">18:00 Tanssikoulutuksen n\u00e4yt\u00f6s \/ VPK, Yliskyl\u00e4nkaari 10<\/h3><\/span><\/div><div id=\"tpag-tab-content-46dc_1073\" class=\"tpgb-accordion-content\" role=\"tabpanel\" data-tab=\"3\" aria-labelledby=\"tpag-tab-title-46dc_1073\"><div class=\"tpgb-content-editor text-left\">Tanssikoulutuksen n\u00e4yt\u00f6ksess\u00e4 n\u00e4hd\u00e4\u00e4n tanssilinjan opiskelijoiden omia sooloja, duoja, ryhm\u00e4improvisaatiota sek\u00e4 katkelmia Jarkko Mandelinin koreografioimasta teoksesta \u20199\u2019.<\/div><\/div><\/div><\/div><\/div>\n\n\n\n<div style=\"height:30px\" aria-hidden=\"true\" class=\"wp-block-spacer\"><\/div>\n\n\n\n<h3 class=\"wp-block-heading\">TORSTAI 22.5.<\/h3>\n\n\n\n<div class=\"tpgb-accordion tpgb-block-b3ff_107\"><div class=\"tpgb-accor-wrap\" data-type=\"accordion\" role=\"tablist\"><div class=\"tpgb-accor-item tpgb-relative-block\"><div class=\"tpgb-accordion-header tpgb-trans-linear-before text-left\" id=\"tpag-tab-title-b3ff_1071\" role=\"tab\" data-tab=\"1\" aria-controls=\"tpag-tab-title-b3ff_1071\"><span class=\"accordion-title-icon-wrap\"><h3 class=\"accordion-title\">13:00 Lauludemo &#8211; N\u00e4yttelij\u00e4ntaide 2 \/ Laajasalosali, Kuukiventie 6<\/h3><\/span><\/div><div id=\"tpag-tab-content-b3ff_1071\" class=\"tpgb-accordion-content\" role=\"tabpanel\" data-tab=\"1\" aria-labelledby=\"tpag-tab-title-b3ff_1071\"><div class=\"tpgb-content-editor text-left\"><\/div><\/div><\/div><div class=\"tpgb-accor-item tpgb-relative-block\"><div class=\"tpgb-accordion-header tpgb-trans-linear-before text-left\" id=\"tpag-tab-title-b3ff_1072\" role=\"tab\" data-tab=\"2\" aria-controls=\"tpag-tab-title-b3ff_1072\"><span class=\"accordion-title-icon-wrap\"><h3 class=\"accordion-title\">15:00 Elokuvien ensi-ilta \/ Laajasalosali, Kuukiventie 6<\/h3><\/span><\/div><div id=\"tpag-tab-content-b3ff_1072\" class=\"tpgb-accordion-content\" role=\"tabpanel\" data-tab=\"2\" aria-labelledby=\"tpag-tab-title-b3ff_1072\"><div class=\"tpgb-content-editor text-left\"><\/div><\/div><\/div><div class=\"tpgb-accor-item tpgb-relative-block\"><div class=\"tpgb-accordion-header tpgb-trans-linear-before text-left\" id=\"tpag-tab-title-b3ff_1073\" role=\"tab\" data-tab=\"3\" aria-controls=\"tpag-tab-title-b3ff_1073\"><span class=\"accordion-title-icon-wrap\"><h3 class=\"accordion-title\">17:00 Monitaiteiset jamit &#8211; Musiikkikoulutus, Tanssikoulutus, Kuvislinja \/ VPK, Yliskyl\u00e4nkaari 10<\/h3><\/span><\/div><div id=\"tpag-tab-content-b3ff_1073\" class=\"tpgb-accordion-content\" role=\"tabpanel\" data-tab=\"3\" aria-labelledby=\"tpag-tab-title-b3ff_1073\"><div class=\"tpgb-content-editor text-left\">Musiikki- ja Tanssikoulutuksen sek\u00e4 Kuvataide ja graafinen suunnittelu -linjan fasilitoimissa jameissa p\u00e4\u00e4set osallistumaan tai seuraamaan monitaiteisia jameja, joissa jokainen on tervetullut mukaan! <br><br>Luvassa ainakin live-musiikkia, tanssia ja taiteilua. Jameihin osallistuminen ei edellyt\u00e4 aiempaa kokemusta eik\u00e4 tietty\u00e4 taitotasoa, vaan jokainen on tervetullut juuri omana itsen\u00e4\u00e4n.<br><\/div><\/div><\/div><div class=\"tpgb-accor-item tpgb-relative-block\"><div class=\"tpgb-accordion-header tpgb-trans-linear-before text-left\" id=\"tpag-tab-title-b3ff_1074\" role=\"tab\" data-tab=\"4\" aria-controls=\"tpag-tab-title-b3ff_1074\"><span class=\"accordion-title-icon-wrap\"><h3 class=\"accordion-title\">18:00 Lauludemo &#8211; N\u00e4yttelij\u00e4ntaide 2 \/ Laajasalosali, Kuukiventie 6<\/h3><\/span><\/div><div id=\"tpag-tab-content-b3ff_1074\" class=\"tpgb-accordion-content\" role=\"tabpanel\" data-tab=\"4\" aria-labelledby=\"tpag-tab-title-b3ff_1074\"><div class=\"tpgb-content-editor text-left\"><\/div><\/div><\/div><\/div><\/div>\n\n\n\n<div style=\"height:30px\" aria-hidden=\"true\" class=\"wp-block-spacer\"><\/div>\n\n\n\n<h3 class=\"wp-block-heading\">PERJANTAI 23.5.<\/h3>\n\n\n\n<div class=\"tpgb-accordion tpgb-block-094c_107\"><div class=\"tpgb-accor-wrap\" data-type=\"accordion\" role=\"tablist\"><div class=\"tpgb-accor-item tpgb-relative-block\"><div class=\"tpgb-accordion-header tpgb-trans-linear-before text-left\" id=\"tpag-tab-title-094c_1071\" role=\"tab\" data-tab=\"1\" aria-controls=\"tpag-tab-title-094c_1071\"><span class=\"accordion-title-icon-wrap\"><h3 class=\"accordion-title\">12:00-15:00 Pelilinjan pop-up demopiste \/ P\u00e4\u00e4aula, Kuukiventie 6<\/h3><\/span><\/div><div id=\"tpag-tab-content-094c_1071\" class=\"tpgb-accordion-content\" role=\"tabpanel\" data-tab=\"1\" aria-labelledby=\"tpag-tab-title-094c_1071\"><div class=\"tpgb-content-editor text-left\">Joitakin keskiviikon demop\u00e4iv\u00e4ss\u00e4 esiteltyj\u00e4 pelej\u00e4 uudestaan kokeiltavana.<\/div><\/div><\/div><div class=\"tpgb-accor-item tpgb-relative-block\"><div class=\"tpgb-accordion-header tpgb-trans-linear-before text-left\" id=\"tpag-tab-title-094c_1072\" role=\"tab\" data-tab=\"2\" aria-controls=\"tpag-tab-title-094c_1072\"><span class=\"accordion-title-icon-wrap\"><h3 class=\"accordion-title\">12:00-17:00 Elokuvan\u00e4yt\u00f6ksi\u00e4 non-stop \/ Laajasalosali, Kuukiventie 6<\/h3><\/span><\/div><div id=\"tpag-tab-content-094c_1072\" class=\"tpgb-accordion-content\" role=\"tabpanel\" data-tab=\"2\" aria-labelledby=\"tpag-tab-title-094c_1072\"><div class=\"tpgb-content-editor text-left\"><\/div><\/div><\/div><div class=\"tpgb-accor-item tpgb-relative-block\"><div class=\"tpgb-accordion-header tpgb-trans-linear-before text-left\" id=\"tpag-tab-title-094c_1073\" role=\"tab\" data-tab=\"3\" aria-controls=\"tpag-tab-title-094c_1073\"><span class=\"accordion-title-icon-wrap\"><h3 class=\"accordion-title\">17:00 All Things Music &#8211; Musiikkikoulutus \/ VPK, Yliskyl\u00e4nkaari 10<\/h3><\/span><\/div><div id=\"tpag-tab-content-094c_1073\" class=\"tpgb-accordion-content\" role=\"tabpanel\" data-tab=\"3\" aria-labelledby=\"tpag-tab-title-094c_1073\"><div class=\"tpgb-content-editor text-left\">Monipuolinen kattaus b\u00e4ndej\u00e4 ja yhtyeit\u00e4! <br><br>Festivaalin viimeinen p\u00e4iv\u00e4 huipentuu illan musiikkitapahtumaan, josta vastaavat musiikkikoulutuksen, n\u00e4yttelij\u00e4nty\u00f6n ja elokuvalinjan opiskelijat <\/div><\/div><\/div><\/div><\/div>\n\n\n\n<div style=\"height:30px\" aria-hidden=\"true\" class=\"wp-block-spacer\"><\/div>\n\n\n\n<p><\/p>\n","protected":false},"excerpt":{"rendered":"<p>Festivaalin ohjelma Koko tapahtumaviikon ajan MAANANTAI 19.5. TIISTAI 20.5. KESKIVIIKKO 21.5. TORSTAI 22.5. PERJANTAI 23.5.<\/p>\n","protected":false},"author":1,"featured_media":0,"parent":0,"menu_order":0,"comment_status":"closed","ping_status":"closed","template":"","meta":{"tpgb_global_settings":"","_uag_custom_page_level_css":"","footnotes":""},"class_list":["post-107","page","type-page","status-publish","hentry"],"tpgb_featured_images":null,"tpgb_post_meta_info":{"get_date":"April 5, 2025","get_modified_date":"May 19, 2025","author_name":"admin","author_url":"https:\/\/taikafest.fi\/index.php\/author\/larissa-haggrenlaajasalonopisto-fi\/","author_email":"larissa.haggren@laajasalonopisto.fi","author_website":"https:\/\/taikafest.fi","author_description":"","author_facebook":"","author_twitter":"","author_instagram":"","author_role":["administrator"],"author_firstname":"","author_lastname":"","user_login":"larissa.haggren@laajasalonopisto.fi","author_avatar":"<img alt='' src='https:\/\/secure.gravatar.com\/avatar\/1bcb9926ba99dae2782161425dcd258f?s=200&#038;d=mm&#038;r=g' srcset='https:\/\/secure.gravatar.com\/avatar\/1bcb9926ba99dae2782161425dcd258f?s=400&#038;d=mm&#038;r=g 2x' class='avatar avatar-200 photo' height='200' width='200' loading='lazy' decoding='async'\/>","author_avatar_url":"https:\/\/secure.gravatar.com\/avatar\/1bcb9926ba99dae2782161425dcd258f?s=96&d=mm&r=g","comment_count":0,"post_likes":0,"post_views":0},"tpgb_post_category":[],"uagb_featured_image_src":{"full":false,"thumbnail":false,"medium":false,"medium_large":false,"large":false,"1536x1536":false,"2048x2048":false,"tp-image-grid":false},"uagb_author_info":{"display_name":"admin","author_link":"https:\/\/taikafest.fi\/index.php\/author\/larissa-haggrenlaajasalonopisto-fi\/"},"uagb_comment_info":0,"uagb_excerpt":"Festivaalin ohjelma Koko tapahtumaviikon ajan MAANANTAI 19.5. TIISTAI 20.5. KESKIVIIKKO 21.5. TORSTAI 22.5. PERJANTAI 23.5.","_links":{"self":[{"href":"https:\/\/taikafest.fi\/index.php\/wp-json\/wp\/v2\/pages\/107","targetHints":{"allow":["GET"]}}],"collection":[{"href":"https:\/\/taikafest.fi\/index.php\/wp-json\/wp\/v2\/pages"}],"about":[{"href":"https:\/\/taikafest.fi\/index.php\/wp-json\/wp\/v2\/types\/page"}],"author":[{"embeddable":true,"href":"https:\/\/taikafest.fi\/index.php\/wp-json\/wp\/v2\/users\/1"}],"replies":[{"embeddable":true,"href":"https:\/\/taikafest.fi\/index.php\/wp-json\/wp\/v2\/comments?post=107"}],"version-history":[{"count":297,"href":"https:\/\/taikafest.fi\/index.php\/wp-json\/wp\/v2\/pages\/107\/revisions"}],"predecessor-version":[{"id":1074,"href":"https:\/\/taikafest.fi\/index.php\/wp-json\/wp\/v2\/pages\/107\/revisions\/1074"}],"wp:attachment":[{"href":"https:\/\/taikafest.fi\/index.php\/wp-json\/wp\/v2\/media?parent=107"}],"curies":[{"name":"wp","href":"https:\/\/api.w.org\/{rel}","templated":true}]}}