{"id":105,"date":"2025-04-05T19:58:03","date_gmt":"2025-04-05T19:58:03","guid":{"rendered":"https:\/\/taikafest.fi\/?page_id=105"},"modified":"2025-04-24T17:33:34","modified_gmt":"2025-04-24T17:33:34","slug":"info","status":"publish","type":"page","link":"https:\/\/taikafest.fi\/","title":{"rendered":"Etusivu"},"content":{"rendered":"\n<div style=\"height:30px\" aria-hidden=\"true\" class=\"wp-block-spacer\"><\/div>\n\n\n<div class=\"wp-block-image is-style-rounded\">\n<figure class=\"aligncenter size-large\"><img loading=\"lazy\" decoding=\"async\" width=\"1024\" height=\"683\" src=\"https:\/\/taikafest.fi\/wp-content\/uploads\/2025\/04\/Oona-jasmin_1-1024x683.jpg\" alt=\"\" class=\"wp-image-62\" srcset=\"https:\/\/taikafest.fi\/wp-content\/uploads\/2025\/04\/Oona-jasmin_1-1024x683.jpg 1024w, https:\/\/taikafest.fi\/wp-content\/uploads\/2025\/04\/Oona-jasmin_1-300x200.jpg 300w, https:\/\/taikafest.fi\/wp-content\/uploads\/2025\/04\/Oona-jasmin_1-768x512.jpg 768w, https:\/\/taikafest.fi\/wp-content\/uploads\/2025\/04\/Oona-jasmin_1-1536x1024.jpg 1536w, https:\/\/taikafest.fi\/wp-content\/uploads\/2025\/04\/Oona-jasmin_1-2048x1365.jpg 2048w\" sizes=\"auto, (max-width: 1024px) 100vw, 1024px\" \/><\/figure><\/div>\n\n\n<h1 class=\"wp-block-heading has-text-align-center\">TAIKA-festivaali <\/h1>\n\n\n\n<h2 class=\"wp-block-heading has-text-align-center\">Monitaiteinen TAIKA-festivaali kokoaa Laajasalon opiston taidelinjojen produktiot viisip\u00e4iv\u00e4iseksi kulttuurin juhlaksi!<\/h2>\n\n\n<div class=\"tpgb-empty-space tpgb-block-9f14_105 \"><\/div>\n\n\n<div class=\"wp-block-uagb-separator uagb-block-29ab0208\"><div class=\"wp-block-uagb-separator__inner\" style=\"--my-background-image:\"><\/div><\/div>\n\n\n<div class=\"tpgb-empty-space tpgb-block-03aa_105 \"><\/div>\n\n\n<p>Festivaalin aikana p\u00e4\u00e4set heitt\u00e4ytym\u00e4\u00e4n tanssin, musiikin, kuvataiteen, n\u00e4yttelij\u00e4ntaiteen, elokuvien sek\u00e4 pelisuunnittelun pariin. Monipuolisten taide-el\u00e4mysten ohessa nautit inspiroivista kohtaamisista ja yhteis\u00f6llisest\u00e4 tunnelmasta opiston merellisess\u00e4 milj\u00f6\u00f6ss\u00e4. <\/p>\n\n\n\n<p>Tapahtumaviikko tuo esiin Laajasalon opiston huikeiden taideopiskelijoiden laaja-alaista osaamista. Opiskelijoiden visioiden pohjalta toteutetut esitykset, demot, n\u00e4yttelyt, keikat, performanssit ja muut taideprojektit kutsuvat osallistumaan monitaiteiseen vuoropuheluun. <\/p>\n\n\n\n<p class=\"has-text-align-left\">Tule mukaan kokemaan, nauttimaan, yll\u00e4ttym\u00e4\u00e4n, innostumaan, inspiroitumaan, vaikuttumaan ja viihtym\u00e4\u00e4n! <\/p>\n\n\n\n<h6 class=\"wp-block-heading has-text-align-left\">Lis\u00e4tietoja tapahtumista ja aikatauluista l\u00f6yd\u00e4t <a href=\"https:\/\/taikafest.fi\/index.php\/ohjelma\/\" data-type=\"page\" data-id=\"107\">Ohjelma<\/a>-sivulta. Kaikkiin tapahtumiin on vapaa sis\u00e4\u00e4np\u00e4\u00e4sy!<\/h6>\n\n\n<div class=\"tpgb-empty-space tpgb-block-7a1d_105 \"><\/div>\n\n\n<div class=\"wp-block-uagb-separator uagb-block-49f2220d\"><div class=\"wp-block-uagb-separator__inner\" style=\"--my-background-image:\"><\/div><\/div>\n\n\n<div class=\"tpgb-empty-space tpgb-block-9b1b_105 \"><\/div>\n\n\n<div class=\"wp-block-group is-vertical is-layout-flex wp-container-core-group-is-layout-1 wp-block-group-is-layout-flex\">\n<h6 class=\"wp-block-heading has-text-color has-link-color wp-elements-3eb19501a894369bff70bbae2aa472c2\" style=\"color:#b17aff\">Festivaalin visuaalisen ilmeen suunnittelu<\/h6>\n\n\n\n<p>Iisa Siivikko &#8211; Kuvataide ja graafinen suunnittelu -opintolinja<\/p>\n<\/div>\n\n\n<div class=\"tpgb-empty-space tpgb-block-3f1f_105 \"><\/div>\n\n\n<div class=\"wp-block-group is-vertical is-layout-flex wp-container-core-group-is-layout-2 wp-block-group-is-layout-flex\">\n<h6 class=\"wp-block-heading has-text-color has-link-color wp-elements-844374b459105c2147ab9e53713257e0\" style=\"color:#b17aff\">Festivaalin suojelija<\/h6>\n\n\n\n<p>Juha Matti Holopainen &#8211; Laajasalon opiston pitk\u00e4aikainen rehtori ja henkil\u00f6 TAIKA-kampuksen idean takana. <br><br><\/p>\n<\/div>\n\n\n<div class=\"tpgb-empty-space tpgb-block-a309_105 \"><\/div>","protected":false},"excerpt":{"rendered":"<p>TAIKA-festivaali Monitaiteinen TAIKA-festivaali kokoaa Laajasalon opiston taidelinjojen produktiot viisip\u00e4iv\u00e4iseksi kulttuurin juhlaksi! Festivaalin aikana p\u00e4\u00e4set heitt\u00e4ytym\u00e4\u00e4n tanssin, musiikin, kuvataiteen, n\u00e4yttelij\u00e4ntaiteen, elokuvien sek\u00e4 pelisuunnittelun pariin. Monipuolisten taide-el\u00e4mysten ohessa nautit inspiroivista kohtaamisista ja yhteis\u00f6llisest\u00e4 tunnelmasta opiston merellisess\u00e4 milj\u00f6\u00f6ss\u00e4. Tapahtumaviikko tuo esiin Laajasalon opiston huikeiden taideopiskelijoiden laaja-alaista osaamista. Opiskelijoiden visioiden pohjalta toteutetut esitykset, demot, n\u00e4yttelyt, keikat, performanssit ja muut [&hellip;]<\/p>\n","protected":false},"author":1,"featured_media":0,"parent":0,"menu_order":0,"comment_status":"closed","ping_status":"closed","template":"","meta":{"tpgb_global_settings":"","_uag_custom_page_level_css":"","footnotes":""},"class_list":["post-105","page","type-page","status-publish","hentry"],"tpgb_featured_images":null,"tpgb_post_meta_info":{"get_date":"April 5, 2025","get_modified_date":"April 24, 2025","author_name":"admin","author_url":"https:\/\/taikafest.fi\/index.php\/author\/larissa-haggrenlaajasalonopisto-fi\/","author_email":"larissa.haggren@laajasalonopisto.fi","author_website":"https:\/\/taikafest.fi","author_description":"","author_facebook":"","author_twitter":"","author_instagram":"","author_role":["administrator"],"author_firstname":"","author_lastname":"","user_login":"larissa.haggren@laajasalonopisto.fi","author_avatar":"<img alt='' src='https:\/\/secure.gravatar.com\/avatar\/1bcb9926ba99dae2782161425dcd258f?s=200&#038;d=mm&#038;r=g' srcset='https:\/\/secure.gravatar.com\/avatar\/1bcb9926ba99dae2782161425dcd258f?s=400&#038;d=mm&#038;r=g 2x' class='avatar avatar-200 photo' height='200' width='200' loading='lazy' decoding='async'\/>","author_avatar_url":"https:\/\/secure.gravatar.com\/avatar\/1bcb9926ba99dae2782161425dcd258f?s=96&d=mm&r=g","comment_count":0,"post_likes":0,"post_views":0},"tpgb_post_category":[],"uagb_featured_image_src":{"full":false,"thumbnail":false,"medium":false,"medium_large":false,"large":false,"1536x1536":false,"2048x2048":false,"tp-image-grid":false},"uagb_author_info":{"display_name":"admin","author_link":"https:\/\/taikafest.fi\/index.php\/author\/larissa-haggrenlaajasalonopisto-fi\/"},"uagb_comment_info":0,"uagb_excerpt":"TAIKA-festivaali Monitaiteinen TAIKA-festivaali kokoaa Laajasalon opiston taidelinjojen produktiot viisip\u00e4iv\u00e4iseksi kulttuurin juhlaksi! Festivaalin aikana p\u00e4\u00e4set heitt\u00e4ytym\u00e4\u00e4n tanssin, musiikin, kuvataiteen, n\u00e4yttelij\u00e4ntaiteen, elokuvien sek\u00e4 pelisuunnittelun pariin. Monipuolisten taide-el\u00e4mysten ohessa nautit inspiroivista kohtaamisista ja yhteis\u00f6llisest\u00e4 tunnelmasta opiston merellisess\u00e4 milj\u00f6\u00f6ss\u00e4. Tapahtumaviikko tuo esiin Laajasalon opiston huikeiden taideopiskelijoiden laaja-alaista osaamista. Opiskelijoiden visioiden pohjalta toteutetut esitykset, demot, n\u00e4yttelyt, keikat, performanssit ja muut&hellip;","_links":{"self":[{"href":"https:\/\/taikafest.fi\/index.php\/wp-json\/wp\/v2\/pages\/105","targetHints":{"allow":["GET"]}}],"collection":[{"href":"https:\/\/taikafest.fi\/index.php\/wp-json\/wp\/v2\/pages"}],"about":[{"href":"https:\/\/taikafest.fi\/index.php\/wp-json\/wp\/v2\/types\/page"}],"author":[{"embeddable":true,"href":"https:\/\/taikafest.fi\/index.php\/wp-json\/wp\/v2\/users\/1"}],"replies":[{"embeddable":true,"href":"https:\/\/taikafest.fi\/index.php\/wp-json\/wp\/v2\/comments?post=105"}],"version-history":[{"count":143,"href":"https:\/\/taikafest.fi\/index.php\/wp-json\/wp\/v2\/pages\/105\/revisions"}],"predecessor-version":[{"id":863,"href":"https:\/\/taikafest.fi\/index.php\/wp-json\/wp\/v2\/pages\/105\/revisions\/863"}],"wp:attachment":[{"href":"https:\/\/taikafest.fi\/index.php\/wp-json\/wp\/v2\/media?parent=105"}],"curies":[{"name":"wp","href":"https:\/\/api.w.org\/{rel}","templated":true}]}}